{"id":6748,"date":"2021-03-18T10:04:04","date_gmt":"2021-03-18T09:04:04","guid":{"rendered":"https:\/\/www.ameziane-frauenaerztin.de\/links\/"},"modified":"2021-03-22T12:37:48","modified_gmt":"2021-03-22T11:37:48","slug":"helpful-links","status":"publish","type":"page","link":"https:\/\/www.ameziane-frauenaerztin.de\/en\/helpful-links\/","title":{"rendered":"Helpful links"},"content":{"rendered":"[vc_row type=&#8221;full_width_background&#8221; full_screen_row_position=&#8221;middle&#8221; column_margin=&#8221;default&#8221; column_direction=&#8221;default&#8221; column_direction_tablet=&#8221;default&#8221; column_direction_phone=&#8221;default&#8221; bg_color=&#8221;#a1c685&#8243; scene_position=&#8221;center&#8221; top_padding=&#8221;150&#8243; bottom_padding=&#8221;80&#8243; text_color=&#8221;dark&#8221; text_align=&#8221;left&#8221; row_border_radius=&#8221;none&#8221; row_border_radius_applies=&#8221;bg&#8221; overlay_strength=&#8221;0.3&#8243; gradient_direction=&#8221;left_to_right&#8221; shape_divider_position=&#8221;bottom&#8221; bg_image_animation=&#8221;none&#8221; shape_type=&#8221;&#8221;][vc_column column_padding=&#8221;no-extra-padding&#8221; column_padding_tablet=&#8221;inherit&#8221; column_padding_phone=&#8221;inherit&#8221; column_padding_position=&#8221;all&#8221; background_color_opacity=&#8221;1&#8243; background_hover_color_opacity=&#8221;1&#8243; column_shadow=&#8221;none&#8221; column_border_radius=&#8221;none&#8221; column_link_target=&#8221;_self&#8221; gradient_direction=&#8221;left_to_right&#8221; overlay_strength=&#8221;0.3&#8243; width=&#8221;1\/1&#8243; tablet_width_inherit=&#8221;default&#8221; tablet_text_alignment=&#8221;default&#8221; phone_text_alignment=&#8221;default&#8221; column_border_width=&#8221;none&#8221; column_border_style=&#8221;solid&#8221; bg_image_animation=&#8221;none&#8221;][vc_custom_heading source=&#8221;post_title&#8221; font_container=&#8221;tag:h1|text_align:left|color:%23ffffff&#8221; use_theme_fonts=&#8221;yes&#8221;][\/vc_column][\/vc_row][vc_row type=&#8221;in_container&#8221; full_screen_row_position=&#8221;middle&#8221; column_margin=&#8221;default&#8221; column_direction=&#8221;default&#8221; column_direction_tablet=&#8221;default&#8221; column_direction_phone=&#8221;default&#8221; scene_position=&#8221;center&#8221; top_padding=&#8221;5%&#8221; text_color=&#8221;dark&#8221; text_align=&#8221;left&#8221; row_border_radius=&#8221;none&#8221; row_border_radius_applies=&#8221;bg&#8221; overlay_strength=&#8221;0.3&#8243; gradient_direction=&#8221;left_to_right&#8221; shape_divider_position=&#8221;bottom&#8221; bg_image_animation=&#8221;none&#8221; shape_type=&#8221;&#8221;][vc_column column_padding=&#8221;no-extra-padding&#8221; column_padding_tablet=&#8221;inherit&#8221; column_padding_phone=&#8221;inherit&#8221; column_padding_position=&#8221;all&#8221; background_color_opacity=&#8221;1&#8243; background_hover_color_opacity=&#8221;1&#8243; column_shadow=&#8221;none&#8221; column_border_radius=&#8221;none&#8221; column_link_target=&#8221;_self&#8221; gradient_direction=&#8221;left_to_right&#8221; overlay_strength=&#8221;0.3&#8243; width=&#8221;1\/1&#8243; tablet_width_inherit=&#8221;default&#8221; tablet_text_alignment=&#8221;default&#8221; phone_text_alignment=&#8221;default&#8221; column_border_width=&#8221;none&#8221; column_border_style=&#8221;solid&#8221; bg_image_animation=&#8221;none&#8221;][vc_column_text]\n<h2>Cancer<\/h2>\n<ul>\n<li><a href=\"https:\/\/www.krebsgesellschaft.de\" target=\"_blank\" rel=\"noopener\">Deutsche Krebsgesellschaft e.V. (DKG)<\/a><\/li>\n<li><a href=\"https:\/\/www.krebshilfe.de\" target=\"_blank\" rel=\"noopener\">Deutsche Krebshilfe<\/a><\/li>\n<li><a href=\"https:\/\/www.krebsinformation.de\" target=\"_blank\" rel=\"noopener\">Krebsinformationsdienst (KID) des Deutschen Krebsforschungszentrums Heidelberg<\/a><\/li>\n<li><a href=\"https:\/\/www.krebsinformationsdienst.de\" target=\"_blank\" rel=\"noopener\">Krebsinformationsdienst (dkfz) Deutsches Krebsforschungszentrums<\/a><\/li>\n<li><a href=\"https:\/\/www.frauenselbsthilfe.de\" target=\"_blank\" rel=\"noopener\">Frauenselbsthilfe nach Krebs<\/a><\/li>\n<li><a href=\"https:\/\/www.igcs.org\" target=\"_blank\" rel=\"noopener\">International Gynecologic Cancer Society (IGCS)<\/a><\/li>\n<li><a href=\"https:\/\/www.bngo.de\" target=\"_blank\" rel=\"noopener\">Berufsverband niedergelassener gyn\u00e4kologischer Onkologen in Deutschland e.V. (BNGO)<\/a><\/li>\n<\/ul>\n<h2>Family Planning<\/h2>\n<ul>\n<li><a href=\"https:\/\/www.profamilia.de\" target=\"_blank\" rel=\"noopener\">Deutsche Gesellschaft f\u00fcr Familienplanung, Sexualp\u00e4dagogik und Sexualberatung e.V.<\/a><\/li>\n<li><a href=\"https:\/\/www.donumvitae.org\" target=\"_blank\" rel=\"noopener\">Beratung<\/a><\/li>\n<li><a href=\"https:\/\/www.9monate.de\" target=\"_blank\" rel=\"noopener\">Geburt und Baby (9monate.de)<\/a><\/li>\n<li><a href=\"https:\/\/www.babyportal.de\" target=\"_blank\" rel=\"noopener\">Geburt und Baby (babyportal.de)<\/a><\/li>\n<li><a href=\"https:\/\/www.stillen.de\" target=\"_blank\" rel=\"noopener\">Stillen<\/a><\/li>\n<li><a href=\"https:\/\/www.kinderaerzte-im-netz.de\" target=\"_blank\" rel=\"noopener\">Ihre Haus-&amp; Fach\u00e4rzte von der Geburt bis zum vollendeten 18. Lebensjahr<\/a><\/li>\n<li><a href=\"https:\/\/www.kinderwunsch.de\" target=\"_blank\" rel=\"noopener\">Detailliertes medizinisches und praktisches Wissen zum Thema unerf\u00fcllter Kinderwunsch<\/a><\/li>\n<li><a href=\"https:\/\/www.dggef.de\" target=\"_blank\" rel=\"noopener\">Deutsche Gesellschaft f\u00fcr gyn\u00e4kologische Endokrinologie und Fortpflanzungsmedizin e.V.<\/a><\/li>\n<li><a href=\"https:\/\/www.geburt-in-bonn.de\" target=\"_blank\" rel=\"noopener\">Internetseite der geburtshilflichen Abteilung des Johanniter Krankenhauses in Bonn<\/a><\/li>\n<li><a href=\"https:\/\/www.geburtskanal.de\" target=\"_blank\" rel=\"noopener\">Informationsnetzwerk f\u00fcr zuk\u00fcnftige und werdende Eltern und junge Familien<\/a><\/li>\n<\/ul>\n<h2>Love, sexuality and contraception<\/h2>\n<ul>\n<li><a href=\"https:\/\/www.femaleaffairs.de\" target=\"_blank\" rel=\"noopener\">Antworten auf Ihre Fragen zur Verh\u00fctung<\/a><\/li>\n<li><a href=\"https:\/\/www.escrh.eu\" target=\"_blank\" rel=\"noopener\">European Society of Contraception (ESC)<\/a><\/li>\n<li><a href=\"https:\/\/www.maedchensprechstunde.de\" target=\"_blank\" rel=\"noopener\">Infos zum Besuch beim Frauenarzt<\/a><\/li>\n<\/ul>\n<h2>Anti-aging and preventive medicine<\/h2>\n<ul>\n<li><a href=\"https:\/\/\" target=\"_blank\" rel=\"noopener\">Deutsche Gesellschaft f\u00fcr Senologie e.V. (DGS)<\/a><\/li>\n<li><a href=\"https:\/\/\" target=\"_blank\" rel=\"noopener\">Deutsche Menopause Gesellschaft e.V.<\/a><\/li>\n<li><a href=\"https:\/\/\" target=\"_blank\" rel=\"noopener\">Frauen\u00e4rzte.de<\/a><\/li>\n<\/ul>\n<h2>Further information<\/h2>\n<ul>\n<li><a href=\"https:\/\/www.aponet.de\" target=\"_blank\" rel=\"noopener\">Apothekennotdienst und Nachtdienst (aponet.de)<\/a><\/li>\n<li><a href=\"https:\/\/www.awmf-online.de\" target=\"_blank\" rel=\"noopener\">Arbeitsgemeinschaft wissenschaftlich-medizinischer Fachgesellschaften e.V. (AWMF)<\/a><\/li>\n<li><a href=\"https:\/\/www.kneippaerztebund.de\" target=\"_blank\" rel=\"noopener\">\u00c4rztegesellschaft f\u00fcr Pr\u00e4ventionsmedizin und klassische Naturheilverfahren<\/a><\/li>\n<li><a href=\"https:\/\/www.dggg.de\" target=\"_blank\" rel=\"noopener\">Deutsche Gesellschaft f\u00fcr Gyn\u00e4kologie und Geburtshilfe e.V. (DGGG)<\/a><\/li>\n<li><a href=\"https:\/\/www.dgpgm.de\" target=\"_blank\" rel=\"noopener\">Deutsche Gesellschaft f\u00fcr Pr\u00e4natal- und Geburtsmedizin (DGPGM)<\/a><\/li>\n<li><a href=\"https:\/\/www.frauenaerzte-im-netz.de\" target=\"_blank\" rel=\"noopener\">Frauen\u00e4rzte im Netz<\/a><\/li>\n<\/ul>\n[\/vc_column_text][\/vc_column][\/vc_row]\n","protected":false},"excerpt":{"rendered":"<p>[vc_row type=&#8221;full_width_background&#8221; full_screen_row_position=&#8221;middle&#8221; column_margin=&#8221;default&#8221; column_direction=&#8221;default&#8221; column_direction_tablet=&#8221;default&#8221; column_direction_phone=&#8221;default&#8221; bg_color=&#8221;#a1c685&#8243; scene_position=&#8221;center&#8221; top_padding=&#8221;150&#8243; bottom_padding=&#8221;80&#8243; text_color=&#8221;dark&#8221; text_align=&#8221;left&#8221; row_border_radius=&#8221;none&#8221; row_border_radius_applies=&#8221;bg&#8221; overlay_strength=&#8221;0.3&#8243; gradient_direction=&#8221;left_to_right&#8221; shape_divider_position=&#8221;bottom&#8221; bg_image_animation=&#8221;none&#8221; shape_type=&#8221;&#8221;][vc_column column_padding=&#8221;no-extra-padding&#8221; column_padding_tablet=&#8221;inherit&#8221; column_padding_phone=&#8221;inherit&#8221; column_padding_position=&#8221;all&#8221; background_color_opacity=&#8221;1&#8243; background_hover_color_opacity=&#8221;1&#8243; column_shadow=&#8221;none&#8221; column_border_radius=&#8221;none&#8221; column_link_target=&#8221;_self&#8221; gradient_direction=&#8221;left_to_right&#8221;&#8230;<\/p>\n","protected":false},"author":1,"featured_media":0,"parent":0,"menu_order":7,"comment_status":"closed","ping_status":"closed","template":"","meta":{"inline_featured_image":false,"footnotes":""},"class_list":["post-6748","page","type-page","status-publish"],"yoast_head":"<!-- This site is optimized with the Yoast SEO plugin v27.6 - https:\/\/yoast.com\/product\/yoast-seo-wordpress\/ -->\n<title>Helpful links &#187; Private practice Dr. Tonja Ameziane - Gynecologist in Bonn<\/title>\n<meta name=\"robots\" content=\"index, follow, max-snippet:-1, max-image-preview:large, max-video-preview:-1\" \/>\n<link rel=\"canonical\" href=\"https:\/\/www.ameziane-frauenaerztin.de\/links\/\" \/>\n<meta property=\"og:locale\" content=\"en_US\" \/>\n<meta property=\"og:type\" content=\"article\" \/>\n<meta property=\"og:title\" content=\"Helpful links &#187; Private practice Dr. Tonja Ameziane - Gynecologist in Bonn\" \/>\n<meta property=\"og:description\" content=\"[vc_row type=&#8221;full_width_background&#8221; full_screen_row_position=&#8221;middle&#8221; column_margin=&#8221;default&#8221; column_direction=&#8221;default&#8221; column_direction_tablet=&#8221;default&#8221; column_direction_phone=&#8221;default&#8221; bg_color=&#8221;#a1c685&#8243; scene_position=&#8221;center&#8221; top_padding=&#8221;150&#8243; bottom_padding=&#8221;80&#8243; text_color=&#8221;dark&#8221; text_align=&#8221;left&#8221; row_border_radius=&#8221;none&#8221; row_border_radius_applies=&#8221;bg&#8221; overlay_strength=&#8221;0.3&#8243; gradient_direction=&#8221;left_to_right&#8221; shape_divider_position=&#8221;bottom&#8221; bg_image_animation=&#8221;none&#8221; shape_type=&#8221;&#8221;][vc_column column_padding=&#8221;no-extra-padding&#8221; column_padding_tablet=&#8221;inherit&#8221; column_padding_phone=&#8221;inherit&#8221; column_padding_position=&#8221;all&#8221; background_color_opacity=&#8221;1&#8243; background_hover_color_opacity=&#8221;1&#8243; column_shadow=&#8221;none&#8221; column_border_radius=&#8221;none&#8221; column_link_target=&#8221;_self&#8221; gradient_direction=&#8221;left_to_right&#8221;...\" \/>\n<meta property=\"og:url\" content=\"https:\/\/www.ameziane-frauenaerztin.de\/links\/\" \/>\n<meta property=\"og:site_name\" content=\"Private practice Dr. Tonja Ameziane - Gynecologist in Bonn\" \/>\n<meta property=\"article:publisher\" content=\"https:\/\/www.facebook.com\/frauenaerztinameziane\" \/>\n<meta property=\"article:modified_time\" content=\"2021-03-22T11:37:48+00:00\" \/>\n<meta property=\"og:image\" content=\"https:\/\/www.ameziane-frauenaerztin.de\/wp-content\/uploads\/2021\/03\/ameziane.jpg\" \/>\n\t<meta property=\"og:image:width\" content=\"500\" \/>\n\t<meta property=\"og:image:height\" content=\"750\" \/>\n\t<meta property=\"og:image:type\" content=\"image\/jpeg\" \/>\n<meta name=\"twitter:card\" content=\"summary_large_image\" \/>\n<meta name=\"twitter:site\" content=\"@drtonjaameziane\" \/>\n<script type=\"application\/ld+json\" class=\"yoast-schema-graph\">{\"@context\":\"https:\\\/\\\/schema.org\",\"@graph\":[{\"@type\":\"WebPage\",\"@id\":\"https:\\\/\\\/www.ameziane-frauenaerztin.de\\\/links\\\/\",\"url\":\"https:\\\/\\\/www.ameziane-frauenaerztin.de\\\/links\\\/\",\"name\":\"Helpful links &#187; Private practice Dr. Tonja Ameziane - Gynecologist in Bonn\",\"isPartOf\":{\"@id\":\"https:\\\/\\\/www.ameziane-frauenaerztin.de\\\/#website\"},\"datePublished\":\"2021-03-18T09:04:04+00:00\",\"dateModified\":\"2021-03-22T11:37:48+00:00\",\"breadcrumb\":{\"@id\":\"https:\\\/\\\/www.ameziane-frauenaerztin.de\\\/links\\\/#breadcrumb\"},\"inLanguage\":\"en-US\",\"potentialAction\":[{\"@type\":\"ReadAction\",\"target\":[\"https:\\\/\\\/www.ameziane-frauenaerztin.de\\\/links\\\/\"]}]},{\"@type\":\"BreadcrumbList\",\"@id\":\"https:\\\/\\\/www.ameziane-frauenaerztin.de\\\/links\\\/#breadcrumb\",\"itemListElement\":[{\"@type\":\"ListItem\",\"position\":1,\"name\":\"Startseite\",\"item\":\"https:\\\/\\\/www.ameziane-frauenaerztin.de\\\/\"},{\"@type\":\"ListItem\",\"position\":2,\"name\":\"Helpful links\"}]},{\"@type\":\"WebSite\",\"@id\":\"https:\\\/\\\/www.ameziane-frauenaerztin.de\\\/#website\",\"url\":\"https:\\\/\\\/www.ameziane-frauenaerztin.de\\\/\",\"name\":\"Private practice Dr. Tonja Ameziane - Gynecologist in Bonn\",\"description\":\"\",\"publisher\":{\"@id\":\"https:\\\/\\\/www.ameziane-frauenaerztin.de\\\/#organization\"},\"potentialAction\":[{\"@type\":\"SearchAction\",\"target\":{\"@type\":\"EntryPoint\",\"urlTemplate\":\"https:\\\/\\\/www.ameziane-frauenaerztin.de\\\/?s={search_term_string}\"},\"query-input\":{\"@type\":\"PropertyValueSpecification\",\"valueRequired\":true,\"valueName\":\"search_term_string\"}}],\"inLanguage\":\"en-US\"},{\"@type\":\"Organization\",\"@id\":\"https:\\\/\\\/www.ameziane-frauenaerztin.de\\\/#organization\",\"name\":\"Frauen\u00e4rztin Dr. Tonja Ameziane\",\"url\":\"https:\\\/\\\/www.ameziane-frauenaerztin.de\\\/\",\"logo\":{\"@type\":\"ImageObject\",\"inLanguage\":\"en-US\",\"@id\":\"https:\\\/\\\/www.ameziane-frauenaerztin.de\\\/#\\\/schema\\\/logo\\\/image\\\/\",\"url\":\"https:\\\/\\\/www.ameziane-frauenaerztin.de\\\/wp-content\\\/uploads\\\/2021\\\/03\\\/logo.svg\",\"contentUrl\":\"https:\\\/\\\/www.ameziane-frauenaerztin.de\\\/wp-content\\\/uploads\\\/2021\\\/03\\\/logo.svg\",\"width\":\"1024\",\"height\":\"1024\",\"caption\":\"Frauen\u00e4rztin Dr. Tonja Ameziane\"},\"image\":{\"@id\":\"https:\\\/\\\/www.ameziane-frauenaerztin.de\\\/#\\\/schema\\\/logo\\\/image\\\/\"},\"sameAs\":[\"https:\\\/\\\/www.facebook.com\\\/frauenaerztinameziane\",\"https:\\\/\\\/x.com\\\/drtonjaameziane\",\"https:\\\/\\\/www.linkedin.com\\\/in\\\/dr-tonja-ameziane\\\/\"]}]}<\/script>\n<!-- \/ Yoast SEO plugin. -->","yoast_head_json":{"title":"Helpful links &#187; Private practice Dr. Tonja Ameziane - Gynecologist in Bonn","robots":{"index":"index","follow":"follow","max-snippet":"max-snippet:-1","max-image-preview":"max-image-preview:large","max-video-preview":"max-video-preview:-1"},"canonical":"https:\/\/www.ameziane-frauenaerztin.de\/links\/","og_locale":"en_US","og_type":"article","og_title":"Helpful links &#187; Private practice Dr. Tonja Ameziane - Gynecologist in Bonn","og_description":"[vc_row type=&#8221;full_width_background&#8221; full_screen_row_position=&#8221;middle&#8221; column_margin=&#8221;default&#8221; column_direction=&#8221;default&#8221; column_direction_tablet=&#8221;default&#8221; column_direction_phone=&#8221;default&#8221; bg_color=&#8221;#a1c685&#8243; scene_position=&#8221;center&#8221; top_padding=&#8221;150&#8243; bottom_padding=&#8221;80&#8243; text_color=&#8221;dark&#8221; text_align=&#8221;left&#8221; row_border_radius=&#8221;none&#8221; row_border_radius_applies=&#8221;bg&#8221; overlay_strength=&#8221;0.3&#8243; gradient_direction=&#8221;left_to_right&#8221; shape_divider_position=&#8221;bottom&#8221; bg_image_animation=&#8221;none&#8221; shape_type=&#8221;&#8221;][vc_column column_padding=&#8221;no-extra-padding&#8221; column_padding_tablet=&#8221;inherit&#8221; column_padding_phone=&#8221;inherit&#8221; column_padding_position=&#8221;all&#8221; background_color_opacity=&#8221;1&#8243; background_hover_color_opacity=&#8221;1&#8243; column_shadow=&#8221;none&#8221; column_border_radius=&#8221;none&#8221; column_link_target=&#8221;_self&#8221; gradient_direction=&#8221;left_to_right&#8221;...","og_url":"https:\/\/www.ameziane-frauenaerztin.de\/links\/","og_site_name":"Private practice Dr. Tonja Ameziane - Gynecologist in Bonn","article_publisher":"https:\/\/www.facebook.com\/frauenaerztinameziane","article_modified_time":"2021-03-22T11:37:48+00:00","og_image":[{"width":500,"height":750,"url":"https:\/\/www.ameziane-frauenaerztin.de\/wp-content\/uploads\/2021\/03\/ameziane.jpg","type":"image\/jpeg"}],"twitter_card":"summary_large_image","twitter_site":"@drtonjaameziane","schema":{"@context":"https:\/\/schema.org","@graph":[{"@type":"WebPage","@id":"https:\/\/www.ameziane-frauenaerztin.de\/links\/","url":"https:\/\/www.ameziane-frauenaerztin.de\/links\/","name":"Helpful links &#187; Private practice Dr. Tonja Ameziane - Gynecologist in Bonn","isPartOf":{"@id":"https:\/\/www.ameziane-frauenaerztin.de\/#website"},"datePublished":"2021-03-18T09:04:04+00:00","dateModified":"2021-03-22T11:37:48+00:00","breadcrumb":{"@id":"https:\/\/www.ameziane-frauenaerztin.de\/links\/#breadcrumb"},"inLanguage":"en-US","potentialAction":[{"@type":"ReadAction","target":["https:\/\/www.ameziane-frauenaerztin.de\/links\/"]}]},{"@type":"BreadcrumbList","@id":"https:\/\/www.ameziane-frauenaerztin.de\/links\/#breadcrumb","itemListElement":[{"@type":"ListItem","position":1,"name":"Startseite","item":"https:\/\/www.ameziane-frauenaerztin.de\/"},{"@type":"ListItem","position":2,"name":"Helpful links"}]},{"@type":"WebSite","@id":"https:\/\/www.ameziane-frauenaerztin.de\/#website","url":"https:\/\/www.ameziane-frauenaerztin.de\/","name":"Private practice Dr. Tonja Ameziane - Gynecologist in Bonn","description":"","publisher":{"@id":"https:\/\/www.ameziane-frauenaerztin.de\/#organization"},"potentialAction":[{"@type":"SearchAction","target":{"@type":"EntryPoint","urlTemplate":"https:\/\/www.ameziane-frauenaerztin.de\/?s={search_term_string}"},"query-input":{"@type":"PropertyValueSpecification","valueRequired":true,"valueName":"search_term_string"}}],"inLanguage":"en-US"},{"@type":"Organization","@id":"https:\/\/www.ameziane-frauenaerztin.de\/#organization","name":"Frauen\u00e4rztin Dr. Tonja Ameziane","url":"https:\/\/www.ameziane-frauenaerztin.de\/","logo":{"@type":"ImageObject","inLanguage":"en-US","@id":"https:\/\/www.ameziane-frauenaerztin.de\/#\/schema\/logo\/image\/","url":"https:\/\/www.ameziane-frauenaerztin.de\/wp-content\/uploads\/2021\/03\/logo.svg","contentUrl":"https:\/\/www.ameziane-frauenaerztin.de\/wp-content\/uploads\/2021\/03\/logo.svg","width":"1024","height":"1024","caption":"Frauen\u00e4rztin Dr. Tonja Ameziane"},"image":{"@id":"https:\/\/www.ameziane-frauenaerztin.de\/#\/schema\/logo\/image\/"},"sameAs":["https:\/\/www.facebook.com\/frauenaerztinameziane","https:\/\/x.com\/drtonjaameziane","https:\/\/www.linkedin.com\/in\/dr-tonja-ameziane\/"]}]}},"_links":{"self":[{"href":"https:\/\/www.ameziane-frauenaerztin.de\/en\/wp-json\/wp\/v2\/pages\/6748","targetHints":{"allow":["GET"]}}],"collection":[{"href":"https:\/\/www.ameziane-frauenaerztin.de\/en\/wp-json\/wp\/v2\/pages"}],"about":[{"href":"https:\/\/www.ameziane-frauenaerztin.de\/en\/wp-json\/wp\/v2\/types\/page"}],"author":[{"embeddable":true,"href":"https:\/\/www.ameziane-frauenaerztin.de\/en\/wp-json\/wp\/v2\/users\/1"}],"replies":[{"embeddable":true,"href":"https:\/\/www.ameziane-frauenaerztin.de\/en\/wp-json\/wp\/v2\/comments?post=6748"}],"version-history":[{"count":1,"href":"https:\/\/www.ameziane-frauenaerztin.de\/en\/wp-json\/wp\/v2\/pages\/6748\/revisions"}],"predecessor-version":[{"id":6750,"href":"https:\/\/www.ameziane-frauenaerztin.de\/en\/wp-json\/wp\/v2\/pages\/6748\/revisions\/6750"}],"wp:attachment":[{"href":"https:\/\/www.ameziane-frauenaerztin.de\/en\/wp-json\/wp\/v2\/media?parent=6748"}],"curies":[{"name":"wp","href":"https:\/\/api.w.org\/{rel}","templated":true}]}}